{"id":101,"date":"2019-03-29T21:45:10","date_gmt":"2019-03-29T20:45:10","guid":{"rendered":"https:\/\/labelledecoteaudulac.com\/?page_id=101"},"modified":"2025-08-18T21:16:16","modified_gmt":"2025-08-18T20:16:16","slug":"contact","status":"publish","type":"page","link":"https:\/\/labelledecoteaudulac.com\/en\/contact\/","title":{"rendered":"Contact us"},"content":{"rendered":"\n<div class=\"wp-block-jetpack-contact-info\">\n<p class=\"wp-block-paragraph\" style=\"font-family: Tajawal; line-height: 1.41; letter-spacing: 0.1px; font-size: 15px;\">Vous avez des questions, commentaires ou t\u00e9moignages ? Contactez-nous par formulaire ou t\u00e9l\u00e9phone !<\/p>\n\n\n\n\n\n<a style=\"font-size: 24px;\" href=\"tel:45028848246415\">450 288-4824 <\/a>\n<style id=\"wpforms-css-vars-6415\">\n\t\t\t\t#wpforms-6415 {\n\t\t\t\t--wpforms-field-border-radius: 0px;\n--wpforms-field-border-color: #cccccc;\n--wpforms-field-border-color-spare: #cccccc;\n--wpforms-field-text-color: #444444;\n--wpforms-label-color: #262626;\n--wpforms-label-sublabel-color: #7f7f7f;\n--wpforms-label-error-color: #ff0000;\n--wpforms-button-border-style: solid;\n--wpforms-button-border-radius: 0px;\n--wpforms-button-background-color: #dddddd;\n--wpforms-button-border-color: #cccccc;\n--wpforms-button-text-color: #666666;\n--wpforms-container-padding: 0px;\n--wpforms-container-border-width: 1px;\n--wpforms-container-border-radius: 3px;\n--wpforms-background-color: rgba(0, 0, 0, 0);\n--wpforms-page-break-color: #dddddd;\n--wpforms-field-size-input-height: 43px;\n--wpforms-field-size-input-spacing: 15px;\n--wpforms-field-size-font-size: 16px;\n--wpforms-field-size-line-height: 19px;\n--wpforms-field-size-padding-h: 14px;\n--wpforms-field-size-checkbox-size: 16px;\n--wpforms-field-size-sublabel-spacing: 5px;\n--wpforms-field-size-icon-size: 1;\n--wpforms-label-size-font-size: 14px;\n--wpforms-label-size-line-height: 17px;\n--wpforms-label-size-sublabel-font-size: 13px;\n--wpforms-label-size-sublabel-line-height: 16px;\n--wpforms-button-size-font-size: 17px;\n--wpforms-button-size-height: 41px;\n--wpforms-button-size-padding-h: 15px;\n--wpforms-button-size-margin-top: 10px;\n--wpforms-container-shadow-size-box-shadow: none;\n\t\t\t}\n\t\t\t<\/style><div class=\"wpforms-container wpforms-container-full wpforms-render-modern\" id=\"wpforms-6415\"><form id=\"wpforms-form-6415\" class=\"wpforms-validate wpforms-form wpforms-ajax-form\" data-formid=\"6415\" method=\"post\" enctype=\"multipart\/form-data\" action=\"\/en\/wp-json\/wp\/v2\/pages\/101\" data-token=\"5296106bd9077edf279e3eb4cffd3060\" data-token-time=\"1776676969\"><noscript class=\"wpforms-error-noscript\">Please enable JavaScript in your browser to complete this form.<\/noscript><div id=\"wpforms-error-noscript\" style=\"display: none;\">Please enable JavaScript in your browser to complete this form.<\/div><div class=\"wpforms-field-container\">\t\t<div id=\"wpforms-6415-field_4-container\"\n\t\t\tclass=\"wpforms-field wpforms-field-text\"\n\t\t\tdata-field-type=\"text\"\n\t\t\tdata-field-id=\"4\"\n\t\t\t>\n\t\t\t<label class=\"wpforms-field-label\" for=\"wpforms-6415-field_4\" >Courriel Message Nom<\/label>\n\t\t\t<input type=\"text\" id=\"wpforms-6415-field_4\" class=\"wpforms-field-medium\" name=\"wpforms[fields][4]\" >\n\t\t<\/div>\n\t\t<div id=\"wpforms-6415-field_1-container\" class=\"wpforms-field wpforms-field-name\" data-field-id=\"1\"><label class=\"wpforms-field-label\" for=\"wpforms-6415-field_1\">Nom <span class=\"wpforms-required-label\" aria-hidden=\"true\">*<\/span><\/label><input type=\"text\" id=\"wpforms-6415-field_1\" class=\"wpforms-field-medium wpforms-field-required\" name=\"wpforms[fields][1]\" aria-errormessage=\"wpforms-6415-field_1-error\" required><\/div><div id=\"wpforms-6415-field_2-container\" class=\"wpforms-field wpforms-field-email\" data-field-id=\"2\"><label class=\"wpforms-field-label\" for=\"wpforms-6415-field_2\">Courriel <span class=\"wpforms-required-label\" aria-hidden=\"true\">*<\/span><\/label><input type=\"email\" id=\"wpforms-6415-field_2\" class=\"wpforms-field-medium wpforms-field-required\" name=\"wpforms[fields][2]\" spellcheck=\"false\" aria-errormessage=\"wpforms-6415-field_2-error\" required><\/div><div id=\"wpforms-6415-field_3-container\" class=\"wpforms-field wpforms-field-textarea\" data-field-id=\"3\"><label class=\"wpforms-field-label\" for=\"wpforms-6415-field_3\">Message <span class=\"wpforms-required-label\" aria-hidden=\"true\">*<\/span><\/label><textarea id=\"wpforms-6415-field_3\" class=\"wpforms-field-medium wpforms-field-required\" name=\"wpforms[fields][3]\" aria-errormessage=\"wpforms-6415-field_3-error\" required><\/textarea><\/div><script>\n\t\t\t\t( function() {\n\t\t\t\t\tconst style = document.createElement( 'style' );\n\t\t\t\t\tstyle.appendChild( document.createTextNode( '#wpforms-6415-field_4-container { position: absolute !important; overflow: hidden !important; display: inline !important; height: 1px !important; width: 1px !important; z-index: -1000 !important; padding: 0 !important; } #wpforms-6415-field_4-container input { visibility: hidden; } #wpforms-conversational-form-page #wpforms-6415-field_4-container label { counter-increment: none; }' ) );\n\t\t\t\t\tdocument.head.appendChild( style );\n\t\t\t\t\tdocument.currentScript?.remove();\n\t\t\t\t} )();\n\t\t\t<\/script><\/div><!-- .wpforms-field-container --><div class=\"wpforms-recaptcha-container wpforms-is-recaptcha wpforms-is-recaptcha-type-v3\" ><input type=\"hidden\" name=\"wpforms[recaptcha]\" value=\"\"><\/div><div class=\"wpforms-submit-container\" ><input type=\"hidden\" name=\"wpforms[id]\" value=\"6415\"><input type=\"hidden\" name=\"page_title\" value=\"\"><input type=\"hidden\" name=\"page_url\" value=\"https:\/\/labelledecoteaudulac.com\/en\/wp-json\/wp\/v2\/pages\/101\"><input type=\"hidden\" name=\"url_referer\" value=\"\"><button type=\"submit\" name=\"wpforms[submit]\" id=\"wpforms-submit-6415\" class=\"wpforms-submit\" data-alt-text=\"Veuillez patienter...\" data-submit-text=\"Envoyer votre message\" aria-live=\"assertive\" value=\"wpforms-submit\">Envoyer votre message<\/button><img decoding=\"async\" src=\"https:\/\/labelledecoteaudulac.com\/wp-content\/plugins\/wpforms-lite\/assets\/images\/submit-spin.svg\" class=\"wpforms-submit-spinner\" style=\"display: none;\" width=\"26\" height=\"26\" alt=\"Loading\"><\/div><\/form><\/div>  <!-- .wpforms-container -->\n\n\n\n\n\n<p class=\"wp-block-paragraph\" style=\"font-family: Noto Sans; line-height: 1.62; letter-spacing: 1.2px; font-size: 24px;\">Lieu<\/p>\n\n\n\n<p style=\"font-family: Tajawal; line-height: 1.41; letter-spacing: 0.1px; font-size: 15px;\">Visitez notre domaine au 75 route 201 \u00e0 Coteau-du-Lac, QC, J0P 1B0<\/p>\n\n<iframe src=\"https:\/\/www.google.com\/maps\/embed?pb=!1m18!1m12!1m3!1d3164.316914520183!2d-74.18763738780424!3d45.303772770951056!2m3!1f0!2f0!3f0!3m2!1i1024!2i768!4f13.1!3m3!1m2!1s0x4cc94ff40403246f%3A0xe85b8765f7838151!2sLa%20Belle%20de%20Coteau-du-Lac!5e1!3m2!1sen!2sca!4v1755547904404!5m2!1sen!2sca\" width=\"600\" height=\"450\" style=\"border:0;\" allowfullscreen=\"\" loading=\"lazy\" referrerpolicy=\"no-referrer-when-downgrade\"><\/iframe>\n<\/div>\n\n\n\n<p class=\"has-text-color has-background has-noto-sans-font-family has-custom-font has-custom-lineheight wp-block-paragraph\" style=\"color:black;background-color:#f6f5f1;font-size:20px;font-family:Noto Sans;line-height:1\">Pour des informations sur les fruits et l\u00e9gumes : (450) 288-4824<\/p>\n\n\n\n<p class=\"has-text-color has-background has-noto-sans-font-family has-custom-font has-custom-lineheight wp-block-paragraph\" style=\"color:black;background-color:#f6f5f1;font-size:20px;font-family:Noto Sans;line-height:1\">Pour des informations sur les \u00e9v\u00e9nements : (450) 288-4824<\/p>\n\n\n\n<div style=\"height:24px\" aria-hidden=\"true\" class=\"wp-block-spacer\"><\/div>\n\n\n\n<p class=\"has-text-align-center has-text-color wp-block-paragraph\" style=\"color:#cebcb0\">&nbsp;<\/p>\n","protected":false},"excerpt":{"rendered":"<p>For fruit and vegetable information: (450) 288-4824 For event information: (450) 288-4824 &nbsp;<\/p>","protected":false},"author":153206296,"featured_media":3721,"parent":0,"menu_order":0,"comment_status":"closed","ping_status":"closed","template":"","meta":{"_coblocks_attr":"Tajawal,Tajawal,Noto Sans","_coblocks_dimensions":"","_coblocks_responsive_height":"","_coblocks_accordion_ie_support":"","_crdt_document":"","footnotes":""},"tags":[],"class_list":["post-101","page","type-page","status-publish","has-post-thumbnail","hentry","without-featured-image"],"yoast_head":"<!-- This site is optimized with the Yoast SEO plugin v27.4 - https:\/\/yoast.com\/product\/yoast-seo-wordpress\/ -->\n<title>Contactez-nous &#8226;<\/title>\n<meta name=\"robots\" content=\"index, follow, max-snippet:-1, max-image-preview:large, max-video-preview:-1\" \/>\n<link rel=\"canonical\" href=\"https:\/\/labelledecoteaudulac.com\/en\/contact\/\" \/>\n<meta property=\"og:locale\" content=\"en_US\" \/>\n<meta property=\"og:type\" content=\"article\" \/>\n<meta property=\"og:title\" content=\"Contactez-nous &#8226;\" \/>\n<meta property=\"og:description\" content=\"Pour des informations sur les fruits et l\u00e9gumes : (450) 288-4824 Pour des informations sur les \u00e9v\u00e9nements : (450) 288-4824 &nbsp;\" \/>\n<meta property=\"og:url\" content=\"https:\/\/labelledecoteaudulac.com\/en\/contact\/\" \/>\n<meta property=\"article:publisher\" content=\"https:\/\/www.facebook.com\/labelledecoteau\/\" \/>\n<meta property=\"article:modified_time\" content=\"2025-08-18T20:16:16+00:00\" \/>\n<meta property=\"og:image\" content=\"https:\/\/labelledecoteaudulac.com\/wp-content\/uploads\/2023\/05\/Creation-sans-titre-1.png\" \/>\n\t<meta property=\"og:image:width\" content=\"1200\" \/>\n\t<meta property=\"og:image:height\" content=\"675\" \/>\n\t<meta property=\"og:image:type\" content=\"image\/png\" \/>\n<meta name=\"twitter:card\" content=\"summary_large_image\" \/>\n<meta name=\"twitter:label1\" content=\"Est. reading time\" \/>\n\t<meta name=\"twitter:data1\" content=\"1 minute\" \/>\n<script type=\"application\/ld+json\" class=\"yoast-schema-graph\">{\"@context\":\"https:\\\/\\\/schema.org\",\"@graph\":[{\"@type\":\"WebPage\",\"@id\":\"https:\\\/\\\/labelledecoteaudulac.com\\\/contact\\\/\",\"url\":\"https:\\\/\\\/labelledecoteaudulac.com\\\/contact\\\/\",\"name\":\"Contactez-nous &#8226;\",\"isPartOf\":{\"@id\":\"https:\\\/\\\/labelledecoteaudulac.com\\\/#website\"},\"primaryImageOfPage\":{\"@id\":\"https:\\\/\\\/labelledecoteaudulac.com\\\/contact\\\/#primaryimage\"},\"image\":{\"@id\":\"https:\\\/\\\/labelledecoteaudulac.com\\\/contact\\\/#primaryimage\"},\"thumbnailUrl\":\"https:\\\/\\\/i0.wp.com\\\/labelledecoteaudulac.com\\\/wp-content\\\/uploads\\\/2023\\\/05\\\/Creation-sans-titre-1.png?fit=1200%2C675&ssl=1\",\"datePublished\":\"2019-03-29T20:45:10+00:00\",\"dateModified\":\"2025-08-18T20:16:16+00:00\",\"breadcrumb\":{\"@id\":\"https:\\\/\\\/labelledecoteaudulac.com\\\/contact\\\/#breadcrumb\"},\"inLanguage\":\"en-CA\",\"potentialAction\":[{\"@type\":\"ReadAction\",\"target\":[\"https:\\\/\\\/labelledecoteaudulac.com\\\/contact\\\/\"]}]},{\"@type\":\"ImageObject\",\"inLanguage\":\"en-CA\",\"@id\":\"https:\\\/\\\/labelledecoteaudulac.com\\\/contact\\\/#primaryimage\",\"url\":\"https:\\\/\\\/i0.wp.com\\\/labelledecoteaudulac.com\\\/wp-content\\\/uploads\\\/2023\\\/05\\\/Creation-sans-titre-1.png?fit=1200%2C675&ssl=1\",\"contentUrl\":\"https:\\\/\\\/i0.wp.com\\\/labelledecoteaudulac.com\\\/wp-content\\\/uploads\\\/2023\\\/05\\\/Creation-sans-titre-1.png?fit=1200%2C675&ssl=1\",\"width\":1200,\"height\":675},{\"@type\":\"BreadcrumbList\",\"@id\":\"https:\\\/\\\/labelledecoteaudulac.com\\\/contact\\\/#breadcrumb\",\"itemListElement\":[{\"@type\":\"ListItem\",\"position\":1,\"name\":\"Accueil\",\"item\":\"https:\\\/\\\/labelledecoteaudulac.com\\\/\"},{\"@type\":\"ListItem\",\"position\":2,\"name\":\"Contactez-nous\"}]},{\"@type\":\"WebSite\",\"@id\":\"https:\\\/\\\/labelledecoteaudulac.com\\\/#website\",\"url\":\"https:\\\/\\\/labelledecoteaudulac.com\\\/\",\"name\":\"La Belle de Coteau-du-Lac\",\"description\":\"Une famille, une ferme, de savoureux fruits, l\u00e9gumes et viandes, des activit\u00e9s originales et des souvenirs m\u00e9morables!\",\"publisher\":{\"@id\":\"https:\\\/\\\/labelledecoteaudulac.com\\\/#organization\"},\"potentialAction\":[{\"@type\":\"SearchAction\",\"target\":{\"@type\":\"EntryPoint\",\"urlTemplate\":\"https:\\\/\\\/labelledecoteaudulac.com\\\/?s={search_term_string}\"},\"query-input\":{\"@type\":\"PropertyValueSpecification\",\"valueRequired\":true,\"valueName\":\"search_term_string\"}}],\"inLanguage\":\"en-CA\"},{\"@type\":\"Organization\",\"@id\":\"https:\\\/\\\/labelledecoteaudulac.com\\\/#organization\",\"name\":\"La Belle de Coteau-du-lac\",\"url\":\"https:\\\/\\\/labelledecoteaudulac.com\\\/\",\"logo\":{\"@type\":\"ImageObject\",\"inLanguage\":\"en-CA\",\"@id\":\"https:\\\/\\\/labelledecoteaudulac.com\\\/#\\\/schema\\\/logo\\\/image\\\/\",\"url\":\"https:\\\/\\\/i2.wp.com\\\/labelledecoteaudulac.com\\\/wp-content\\\/uploads\\\/2019\\\/03\\\/labelledecoteaudulac_logo1.jpg?fit=664%2C435&ssl=1\",\"contentUrl\":\"https:\\\/\\\/i2.wp.com\\\/labelledecoteaudulac.com\\\/wp-content\\\/uploads\\\/2019\\\/03\\\/labelledecoteaudulac_logo1.jpg?fit=664%2C435&ssl=1\",\"width\":664,\"height\":435,\"caption\":\"La Belle de Coteau-du-lac\"},\"image\":{\"@id\":\"https:\\\/\\\/labelledecoteaudulac.com\\\/#\\\/schema\\\/logo\\\/image\\\/\"},\"sameAs\":[\"https:\\\/\\\/www.facebook.com\\\/labelledecoteau\\\/\",\"https:\\\/\\\/www.instagram.com\\\/labelledecoteaudulac\\\/?hl=fr\"]}]}<\/script>\n<!-- \/ Yoast SEO plugin. -->","yoast_head_json":{"title":"Contact us \u2022","robots":{"index":"index","follow":"follow","max-snippet":"max-snippet:-1","max-image-preview":"max-image-preview:large","max-video-preview":"max-video-preview:-1"},"canonical":"https:\/\/labelledecoteaudulac.com\/en\/contact\/","og_locale":"en_US","og_type":"article","og_title":"Contactez-nous &#8226;","og_description":"Pour des informations sur les fruits et l\u00e9gumes : (450) 288-4824 Pour des informations sur les \u00e9v\u00e9nements : (450) 288-4824 &nbsp;","og_url":"https:\/\/labelledecoteaudulac.com\/en\/contact\/","article_publisher":"https:\/\/www.facebook.com\/labelledecoteau\/","article_modified_time":"2025-08-18T20:16:16+00:00","og_image":[{"width":1200,"height":675,"url":"https:\/\/labelledecoteaudulac.com\/wp-content\/uploads\/2023\/05\/Creation-sans-titre-1.png","type":"image\/png"}],"twitter_card":"summary_large_image","twitter_misc":{"Est. reading time":"1 minute"},"schema":{"@context":"https:\/\/schema.org","@graph":[{"@type":"WebPage","@id":"https:\/\/labelledecoteaudulac.com\/contact\/","url":"https:\/\/labelledecoteaudulac.com\/contact\/","name":"Contact us \u2022","isPartOf":{"@id":"https:\/\/labelledecoteaudulac.com\/#website"},"primaryImageOfPage":{"@id":"https:\/\/labelledecoteaudulac.com\/contact\/#primaryimage"},"image":{"@id":"https:\/\/labelledecoteaudulac.com\/contact\/#primaryimage"},"thumbnailUrl":"https:\/\/i0.wp.com\/labelledecoteaudulac.com\/wp-content\/uploads\/2023\/05\/Creation-sans-titre-1.png?fit=1200%2C675&ssl=1","datePublished":"2019-03-29T20:45:10+00:00","dateModified":"2025-08-18T20:16:16+00:00","breadcrumb":{"@id":"https:\/\/labelledecoteaudulac.com\/contact\/#breadcrumb"},"inLanguage":"en-CA","potentialAction":[{"@type":"ReadAction","target":["https:\/\/labelledecoteaudulac.com\/contact\/"]}]},{"@type":"ImageObject","inLanguage":"en-CA","@id":"https:\/\/labelledecoteaudulac.com\/contact\/#primaryimage","url":"https:\/\/i0.wp.com\/labelledecoteaudulac.com\/wp-content\/uploads\/2023\/05\/Creation-sans-titre-1.png?fit=1200%2C675&ssl=1","contentUrl":"https:\/\/i0.wp.com\/labelledecoteaudulac.com\/wp-content\/uploads\/2023\/05\/Creation-sans-titre-1.png?fit=1200%2C675&ssl=1","width":1200,"height":675},{"@type":"BreadcrumbList","@id":"https:\/\/labelledecoteaudulac.com\/contact\/#breadcrumb","itemListElement":[{"@type":"ListItem","position":1,"name":"Accueil","item":"https:\/\/labelledecoteaudulac.com\/"},{"@type":"ListItem","position":2,"name":"Contactez-nous"}]},{"@type":"WebSite","@id":"https:\/\/labelledecoteaudulac.com\/#website","url":"https:\/\/labelledecoteaudulac.com\/","name":"The Beauty of Coteau-du-Lac","description":"A family, a farm, tasty fruits, vegetables and meats, original activities and memorable memories!","publisher":{"@id":"https:\/\/labelledecoteaudulac.com\/#organization"},"potentialAction":[{"@type":"SearchAction","target":{"@type":"EntryPoint","urlTemplate":"https:\/\/labelledecoteaudulac.com\/?s={search_term_string}"},"query-input":{"@type":"PropertyValueSpecification","valueRequired":true,"valueName":"search_term_string"}}],"inLanguage":"en-CA"},{"@type":"Organization","@id":"https:\/\/labelledecoteaudulac.com\/#organization","name":"The Beauty of Coteau-du-Lac","url":"https:\/\/labelledecoteaudulac.com\/","logo":{"@type":"ImageObject","inLanguage":"en-CA","@id":"https:\/\/labelledecoteaudulac.com\/#\/schema\/logo\/image\/","url":"https:\/\/i2.wp.com\/labelledecoteaudulac.com\/wp-content\/uploads\/2019\/03\/labelledecoteaudulac_logo1.jpg?fit=664%2C435&ssl=1","contentUrl":"https:\/\/i2.wp.com\/labelledecoteaudulac.com\/wp-content\/uploads\/2019\/03\/labelledecoteaudulac_logo1.jpg?fit=664%2C435&ssl=1","width":664,"height":435,"caption":"La Belle de Coteau-du-lac"},"image":{"@id":"https:\/\/labelledecoteaudulac.com\/#\/schema\/logo\/image\/"},"sameAs":["https:\/\/www.facebook.com\/labelledecoteau\/","https:\/\/www.instagram.com\/labelledecoteaudulac\/?hl=fr"]}]}},"jetpack_likes_enabled":true,"jetpack_sharing_enabled":true,"jetpack_shortlink":"https:\/\/wp.me\/PaM3LI-1D","amp_enabled":true,"_links":{"self":[{"href":"https:\/\/labelledecoteaudulac.com\/en\/wp-json\/wp\/v2\/pages\/101","targetHints":{"allow":["GET"]}}],"collection":[{"href":"https:\/\/labelledecoteaudulac.com\/en\/wp-json\/wp\/v2\/pages"}],"about":[{"href":"https:\/\/labelledecoteaudulac.com\/en\/wp-json\/wp\/v2\/types\/page"}],"author":[{"embeddable":true,"href":"https:\/\/labelledecoteaudulac.com\/en\/wp-json\/wp\/v2\/users\/153206296"}],"replies":[{"embeddable":true,"href":"https:\/\/labelledecoteaudulac.com\/en\/wp-json\/wp\/v2\/comments?post=101"}],"version-history":[{"count":100,"href":"https:\/\/labelledecoteaudulac.com\/en\/wp-json\/wp\/v2\/pages\/101\/revisions"}],"predecessor-version":[{"id":6457,"href":"https:\/\/labelledecoteaudulac.com\/en\/wp-json\/wp\/v2\/pages\/101\/revisions\/6457"}],"wp:featuredmedia":[{"embeddable":true,"href":"https:\/\/labelledecoteaudulac.com\/en\/wp-json\/wp\/v2\/media\/3721"}],"wp:attachment":[{"href":"https:\/\/labelledecoteaudulac.com\/en\/wp-json\/wp\/v2\/media?parent=101"}],"wp:term":[{"taxonomy":"post_tag","embeddable":true,"href":"https:\/\/labelledecoteaudulac.com\/en\/wp-json\/wp\/v2\/tags?post=101"}],"curies":[{"name":"wp","href":"https:\/\/api.w.org\/{rel}","templated":true}]}}