{"id":1322,"date":"2020-07-15T01:34:38","date_gmt":"2020-07-15T00:34:38","guid":{"rendered":"http:\/\/labelledecoteaudulac.com\/?page_id=1322"},"modified":"2022-06-06T14:04:46","modified_gmt":"2022-06-06T13:04:46","slug":"reservations","status":"publish","type":"page","link":"https:\/\/labelledecoteaudulac.com\/en\/reservations\/","title":{"rendered":"Virtual farm shop"},"content":{"rendered":"<p class=\"wp-block-paragraph\"><strong><script type=\"text\/javascript\" src=\"https:\/\/bookeo.com\/widget.js?a=415564NF7K917343E607B3\"><\/script><\/strong><\/p>\n\n\n\n\n\n<p class=\"wp-block-paragraph\"><\/p>","protected":false},"excerpt":{"rendered":"","protected":false},"author":153206296,"featured_media":0,"parent":0,"menu_order":0,"comment_status":"closed","ping_status":"closed","template":"","meta":{"_coblocks_attr":"","_coblocks_dimensions":"","_coblocks_responsive_height":"","_coblocks_accordion_ie_support":"","_crdt_document":"","jetpack_post_was_ever_published":false,"footnotes":""},"tags":[],"class_list":["post-1322","page","type-page","status-publish","hentry","without-featured-image"],"yoast_head":"<!-- This site is optimized with the Yoast SEO plugin v27.3 - https:\/\/yoast.com\/product\/yoast-seo-wordpress\/ -->\n<title>Boutique \u00e0 la ferme virtuelle &#8226;<\/title>\n<meta name=\"robots\" content=\"index, follow, max-snippet:-1, max-image-preview:large, max-video-preview:-1\" \/>\n<link rel=\"canonical\" href=\"https:\/\/labelledecoteaudulac.com\/en\/reservations\/\" \/>\n<meta property=\"og:locale\" content=\"en_US\" \/>\n<meta property=\"og:type\" content=\"article\" \/>\n<meta property=\"og:title\" content=\"Boutique \u00e0 la ferme virtuelle &#8226;\" \/>\n<meta property=\"og:url\" content=\"https:\/\/labelledecoteaudulac.com\/en\/reservations\/\" \/>\n<meta property=\"article:publisher\" content=\"https:\/\/www.facebook.com\/labelledecoteau\/\" \/>\n<meta property=\"article:modified_time\" content=\"2022-06-06T13:04:46+00:00\" \/>\n<meta property=\"og:image\" content=\"https:\/\/i0.wp.com\/labelledecoteaudulac.com\/wp-content\/uploads\/2019\/03\/logo-la-belle-de-cdl-1.png?fit=183%2C169&ssl=1\" \/>\n\t<meta property=\"og:image:width\" content=\"183\" \/>\n\t<meta property=\"og:image:height\" content=\"169\" \/>\n\t<meta property=\"og:image:type\" content=\"image\/png\" \/>\n<meta name=\"twitter:card\" content=\"summary_large_image\" \/>\n<meta name=\"twitter:label1\" content=\"Est. reading time\" \/>\n\t<meta name=\"twitter:data1\" content=\"1 minute\" \/>\n<script type=\"application\/ld+json\" class=\"yoast-schema-graph\">{\"@context\":\"https:\\\/\\\/schema.org\",\"@graph\":[{\"@type\":\"WebPage\",\"@id\":\"https:\\\/\\\/labelledecoteaudulac.com\\\/reservations\\\/\",\"url\":\"https:\\\/\\\/labelledecoteaudulac.com\\\/reservations\\\/\",\"name\":\"Boutique \u00e0 la ferme virtuelle &#8226;\",\"isPartOf\":{\"@id\":\"https:\\\/\\\/labelledecoteaudulac.com\\\/#website\"},\"datePublished\":\"2020-07-15T00:34:38+00:00\",\"dateModified\":\"2022-06-06T13:04:46+00:00\",\"breadcrumb\":{\"@id\":\"https:\\\/\\\/labelledecoteaudulac.com\\\/reservations\\\/#breadcrumb\"},\"inLanguage\":\"en-CA\",\"potentialAction\":[{\"@type\":\"ReadAction\",\"target\":[\"https:\\\/\\\/labelledecoteaudulac.com\\\/reservations\\\/\"]}]},{\"@type\":\"BreadcrumbList\",\"@id\":\"https:\\\/\\\/labelledecoteaudulac.com\\\/reservations\\\/#breadcrumb\",\"itemListElement\":[{\"@type\":\"ListItem\",\"position\":1,\"name\":\"Accueil\",\"item\":\"https:\\\/\\\/labelledecoteaudulac.com\\\/\"},{\"@type\":\"ListItem\",\"position\":2,\"name\":\"Boutique \u00e0 la ferme virtuelle\"}]},{\"@type\":\"WebSite\",\"@id\":\"https:\\\/\\\/labelledecoteaudulac.com\\\/#website\",\"url\":\"https:\\\/\\\/labelledecoteaudulac.com\\\/\",\"name\":\"La Belle de Coteau-du-Lac\",\"description\":\"Une famille, une ferme, de savoureux fruits, l\u00e9gumes et viandes, des activit\u00e9s originales et des souvenirs m\u00e9morables!\",\"publisher\":{\"@id\":\"https:\\\/\\\/labelledecoteaudulac.com\\\/#organization\"},\"potentialAction\":[{\"@type\":\"SearchAction\",\"target\":{\"@type\":\"EntryPoint\",\"urlTemplate\":\"https:\\\/\\\/labelledecoteaudulac.com\\\/?s={search_term_string}\"},\"query-input\":{\"@type\":\"PropertyValueSpecification\",\"valueRequired\":true,\"valueName\":\"search_term_string\"}}],\"inLanguage\":\"en-CA\"},{\"@type\":\"Organization\",\"@id\":\"https:\\\/\\\/labelledecoteaudulac.com\\\/#organization\",\"name\":\"La Belle de Coteau-du-lac\",\"url\":\"https:\\\/\\\/labelledecoteaudulac.com\\\/\",\"logo\":{\"@type\":\"ImageObject\",\"inLanguage\":\"en-CA\",\"@id\":\"https:\\\/\\\/labelledecoteaudulac.com\\\/#\\\/schema\\\/logo\\\/image\\\/\",\"url\":\"https:\\\/\\\/i2.wp.com\\\/labelledecoteaudulac.com\\\/wp-content\\\/uploads\\\/2019\\\/03\\\/labelledecoteaudulac_logo1.jpg?fit=664%2C435&ssl=1\",\"contentUrl\":\"https:\\\/\\\/i2.wp.com\\\/labelledecoteaudulac.com\\\/wp-content\\\/uploads\\\/2019\\\/03\\\/labelledecoteaudulac_logo1.jpg?fit=664%2C435&ssl=1\",\"width\":664,\"height\":435,\"caption\":\"La Belle de Coteau-du-lac\"},\"image\":{\"@id\":\"https:\\\/\\\/labelledecoteaudulac.com\\\/#\\\/schema\\\/logo\\\/image\\\/\"},\"sameAs\":[\"https:\\\/\\\/www.facebook.com\\\/labelledecoteau\\\/\",\"https:\\\/\\\/www.instagram.com\\\/labelledecoteaudulac\\\/?hl=fr\"]}]}<\/script>\n<!-- \/ Yoast SEO plugin. -->","yoast_head_json":{"title":"Boutique \u00e0 la ferme virtuelle &#8226;","robots":{"index":"index","follow":"follow","max-snippet":"max-snippet:-1","max-image-preview":"max-image-preview:large","max-video-preview":"max-video-preview:-1"},"canonical":"https:\/\/labelledecoteaudulac.com\/en\/reservations\/","og_locale":"en_US","og_type":"article","og_title":"Boutique \u00e0 la ferme virtuelle &#8226;","og_url":"https:\/\/labelledecoteaudulac.com\/en\/reservations\/","article_publisher":"https:\/\/www.facebook.com\/labelledecoteau\/","article_modified_time":"2022-06-06T13:04:46+00:00","og_image":[{"width":183,"height":169,"url":"https:\/\/i0.wp.com\/labelledecoteaudulac.com\/wp-content\/uploads\/2019\/03\/logo-la-belle-de-cdl-1.png?fit=183%2C169&ssl=1","type":"image\/png"}],"twitter_card":"summary_large_image","twitter_misc":{"Est. reading time":"1 minute"},"schema":{"@context":"https:\/\/schema.org","@graph":[{"@type":"WebPage","@id":"https:\/\/labelledecoteaudulac.com\/reservations\/","url":"https:\/\/labelledecoteaudulac.com\/reservations\/","name":"Boutique \u00e0 la ferme virtuelle &#8226;","isPartOf":{"@id":"https:\/\/labelledecoteaudulac.com\/#website"},"datePublished":"2020-07-15T00:34:38+00:00","dateModified":"2022-06-06T13:04:46+00:00","breadcrumb":{"@id":"https:\/\/labelledecoteaudulac.com\/reservations\/#breadcrumb"},"inLanguage":"en-CA","potentialAction":[{"@type":"ReadAction","target":["https:\/\/labelledecoteaudulac.com\/reservations\/"]}]},{"@type":"BreadcrumbList","@id":"https:\/\/labelledecoteaudulac.com\/reservations\/#breadcrumb","itemListElement":[{"@type":"ListItem","position":1,"name":"Accueil","item":"https:\/\/labelledecoteaudulac.com\/"},{"@type":"ListItem","position":2,"name":"Boutique \u00e0 la ferme virtuelle"}]},{"@type":"WebSite","@id":"https:\/\/labelledecoteaudulac.com\/#website","url":"https:\/\/labelledecoteaudulac.com\/","name":"The Beauty of Coteau-du-Lac","description":"A family, a farm, tasty fruits, vegetables and meats, original activities and memorable memories!","publisher":{"@id":"https:\/\/labelledecoteaudulac.com\/#organization"},"potentialAction":[{"@type":"SearchAction","target":{"@type":"EntryPoint","urlTemplate":"https:\/\/labelledecoteaudulac.com\/?s={search_term_string}"},"query-input":{"@type":"PropertyValueSpecification","valueRequired":true,"valueName":"search_term_string"}}],"inLanguage":"en-CA"},{"@type":"Organization","@id":"https:\/\/labelledecoteaudulac.com\/#organization","name":"The Beauty of Coteau-du-Lac","url":"https:\/\/labelledecoteaudulac.com\/","logo":{"@type":"ImageObject","inLanguage":"en-CA","@id":"https:\/\/labelledecoteaudulac.com\/#\/schema\/logo\/image\/","url":"https:\/\/i2.wp.com\/labelledecoteaudulac.com\/wp-content\/uploads\/2019\/03\/labelledecoteaudulac_logo1.jpg?fit=664%2C435&ssl=1","contentUrl":"https:\/\/i2.wp.com\/labelledecoteaudulac.com\/wp-content\/uploads\/2019\/03\/labelledecoteaudulac_logo1.jpg?fit=664%2C435&ssl=1","width":664,"height":435,"caption":"La Belle de Coteau-du-lac"},"image":{"@id":"https:\/\/labelledecoteaudulac.com\/#\/schema\/logo\/image\/"},"sameAs":["https:\/\/www.facebook.com\/labelledecoteau\/","https:\/\/www.instagram.com\/labelledecoteaudulac\/?hl=fr"]}]}},"jetpack_likes_enabled":true,"jetpack_sharing_enabled":true,"jetpack_shortlink":"https:\/\/wp.me\/PaM3LI-lk","amp_enabled":true,"_links":{"self":[{"href":"https:\/\/labelledecoteaudulac.com\/en\/wp-json\/wp\/v2\/pages\/1322","targetHints":{"allow":["GET"]}}],"collection":[{"href":"https:\/\/labelledecoteaudulac.com\/en\/wp-json\/wp\/v2\/pages"}],"about":[{"href":"https:\/\/labelledecoteaudulac.com\/en\/wp-json\/wp\/v2\/types\/page"}],"author":[{"embeddable":true,"href":"https:\/\/labelledecoteaudulac.com\/en\/wp-json\/wp\/v2\/users\/153206296"}],"replies":[{"embeddable":true,"href":"https:\/\/labelledecoteaudulac.com\/en\/wp-json\/wp\/v2\/comments?post=1322"}],"version-history":[{"count":29,"href":"https:\/\/labelledecoteaudulac.com\/en\/wp-json\/wp\/v2\/pages\/1322\/revisions"}],"predecessor-version":[{"id":3131,"href":"https:\/\/labelledecoteaudulac.com\/en\/wp-json\/wp\/v2\/pages\/1322\/revisions\/3131"}],"wp:attachment":[{"href":"https:\/\/labelledecoteaudulac.com\/en\/wp-json\/wp\/v2\/media?parent=1322"}],"wp:term":[{"taxonomy":"post_tag","embeddable":true,"href":"https:\/\/labelledecoteaudulac.com\/en\/wp-json\/wp\/v2\/tags?post=1322"}],"curies":[{"name":"wp","href":"https:\/\/api.w.org\/{rel}","templated":true}]}}