{"id":3436,"date":"2023-05-12T15:55:55","date_gmt":"2023-05-12T14:55:55","guid":{"rendered":"https:\/\/labelledecoteaudulac.com\/?page_id=3436"},"modified":"2025-10-30T02:19:59","modified_gmt":"2025-10-30T01:19:59","slug":"faq","status":"publish","type":"page","link":"https:\/\/labelledecoteaudulac.com\/en\/faq\/","title":{"rendered":"FAQs"},"content":{"rendered":"<div class=\"wp-block-coblocks-accordion\">\n<div class=\"wp-block-coblocks-accordion-item\"><details><summary class=\"wp-block-coblocks-accordion-item__title\">Can my dog accompany me to Domaine La Belle?<\/summary><div class=\"wp-block-coblocks-accordion-item__content\">\n<p class=\"wp-block-paragraph\">We know that your four-legged friends are part of the family, which is why they are welcome at some of our events such as: <a href=\"https:\/\/labelledecoteaudulac.com\/en\/festifleurs-2022\/\">FestiFleurs<\/a>, <a href=\"https:\/\/labelledecoteaudulac.com\/en\/tournesols-en-fleurs\/\">Sunflowers weekend<\/a>, Festiv&#039;Halloween daytime (<a href=\"https:\/\/labelledecoteaudulac.com\/en\/festivhalloween-autocueillette-labyrinthe\/\">U-pick and maze<\/a>). Calm dogs are welcome on a 6 foot leash. Don&#039;t forget to bring bags to pick up after them to keep our grounds clean and welcoming to all. <\/p>\n\n\n\n<p class=\"wp-block-paragraph\">Unfortunately, dogs are not allowed during our fall evening activities: <a href=\"https:\/\/labelledecoteaudulac.com\/en\/festivhalloween-sons-lumieres\/\">Festiv\u2019Halloween \u2013 Sound &amp; light maze<\/a> And <a href=\"https:\/\/labelledecoteaudulac.com\/en\/festivhalloween-domaine-maudit\/\">Cursed Domain<\/a>. <\/p>\n\n\n\n<p class=\"wp-block-paragraph\">We reserve the right to expel your companion from the domain if he disturbs visitors or shows signs of aggression. Thank you for understanding.<\/p>\n<\/div><\/details><\/div>\n\n\n\n<div class=\"wp-block-coblocks-accordion-item\"><details><summary class=\"wp-block-coblocks-accordion-item__title\">Are your sites accessible by stroller?<\/summary><div class=\"wp-block-coblocks-accordion-item__content\">\n<p class=\"wp-block-paragraph\">Yes, our sites are accessible by stroller. However, it is recommended to choose a stroller with larger wheels to ensure better maneuverability on certain terrains. This will allow you to fully enjoy your visit to our spaces.<\/p>\n\n\n\n<p class=\"wp-block-paragraph\">Please note that only the indoor haunted house of Domaine Maudit is unfortunately not accessible with strollers. On the other hand, the labyrinth does.<\/p>\n<\/div><\/details><\/div>\n\n\n\n<div class=\"wp-block-coblocks-accordion-item\"><details><summary class=\"wp-block-coblocks-accordion-item__title\">Are your installations the same every year?<\/summary><div class=\"wp-block-coblocks-accordion-item__content\">\n<p class=\"wp-block-paragraph\">Every year, all our facilities are revisited! Our team works hard to offer a new experience each season, whether for our summer or fall events and even the maze. Each visit is a unique experience, with new additions such as Photobooths and specially designed decors to amaze our visitors.<\/p>\n<\/div><\/details><\/div>\n\n\n\n<div class=\"wp-block-coblocks-accordion-item\"><details><summary class=\"wp-block-coblocks-accordion-item__title\">During fall events, is it possible to come for the daytime U-pick and stay for an evening activity?<\/summary><div class=\"wp-block-coblocks-accordion-item__content\">\n<p class=\"wp-block-paragraph\">Yes absolutely, in this case you must obtain a ticket for the evening activity. This way, you can arrive earlier to enjoy the facilities during the day without any problem.<\/p>\n<\/div><\/details><\/div>\n\n\n\n<div class=\"wp-block-coblocks-accordion-item\"><details><summary class=\"wp-block-coblocks-accordion-item__title\">What happens if it rains if I already have my tickets?<\/summary><div class=\"wp-block-coblocks-accordion-item__content\">\n<p class=\"wp-block-paragraph\">The resort remains open even if showers are forecast, as the weather can be unpredictable. However, if you prefer <strong>change your visit date <\/strong>Due to weather conditions, you can do this via your confirmation email or by emailing us at info@labelledecoteaudulac.com. Please note that\u2019<strong>No refunds are possible.<\/strong>. However, if the weather makes your visit impossible, we can\u00a0<strong>issue a promotional code of equivalent value<\/strong>, applicable to a future activity or for the following season.\u00a0<\/p>\n<\/div><\/details><\/div>\n\n\n\n<div class=\"wp-block-coblocks-accordion-item\"><details><summary class=\"wp-block-coblocks-accordion-item__title\">What payment method do you accept on the site?<\/summary><div class=\"wp-block-coblocks-accordion-item__content\">\n<p class=\"wp-block-paragraph\">Cash, debit and credit.<\/p>\n<\/div><\/details><\/div>\n\n\n\n<div class=\"wp-block-coblocks-accordion-item\"><details><summary class=\"wp-block-coblocks-accordion-item__title\">From what time can I arrive on site for daytime activities?<\/summary><div class=\"wp-block-coblocks-accordion-item__content\">\n<p class=\"wp-block-paragraph\">All our daytime events start at 11am. You are welcome from this time to start enjoying the experience we offer you.<\/p>\n<\/div><\/details><\/div>\n\n\n\n<div class=\"wp-block-coblocks-accordion-item\"><details><summary class=\"wp-block-coblocks-accordion-item__title\">Is the playground accessible for free? <\/summary><div class=\"wp-block-coblocks-accordion-item__content\">\n<p class=\"wp-block-paragraph\">No, access to the playground is not free. To access it, you must have an entry ticket for one of our events. Each ticket includes access to the playground, maze and picnic area. <\/p>\n\n\n\n<p class=\"wp-block-paragraph\">Our pricing structure is designed to ensure the preservation of our space while providing a diverse experience to all our visitors.<\/p>\n<\/div><\/details><\/div>\n\n\n\n<div class=\"wp-block-coblocks-accordion-item\"><details><summary class=\"wp-block-coblocks-accordion-item__title\">Do you have sanitary facilities on site?<\/summary><div class=\"wp-block-coblocks-accordion-item__content\">\n<p class=\"wp-block-paragraph\">Yes, several sanitary facilities are on site.<\/p>\n<\/div><\/details><\/div>\n\n\n\n<div class=\"wp-block-coblocks-accordion-item\"><details><summary class=\"wp-block-coblocks-accordion-item__title\">Can we picnic in your fields?<\/summary><div class=\"wp-block-coblocks-accordion-item__content\">\n<p class=\"wp-block-paragraph\">Yes, you can picnic in our fields. We offer several picnic areas with wooden tables on the grounds. Additionally, if you prefer to picnic directly in the middle of our flower fields, you can bring your own blankets, as long as it does not detract from the experience of other visitors. <\/p>\n\n\n\n<p class=\"wp-block-paragraph\">Please note that we also offer FestiLunch, which offers delicious farm meals during each of our events! You can enhance your picnics with our selection of local products, or even with items from our store.<\/p>\n<\/div><\/details><\/div>\n\n\n\n<div class=\"wp-block-coblocks-accordion-item\"><details><summary class=\"wp-block-coblocks-accordion-item__title\">Can I arrive later than my reservation time?<\/summary><div class=\"wp-block-coblocks-accordion-item__content\">\n<p class=\"wp-block-paragraph\">Since 2023, it is no longer necessary to choose a time slot for your visit during the FestiFleurs, Sunflowers in Bloom, and pick-your-own strawberries and pumpkins events as well as the Sound and Light Labyrinth. However, for the events of <a href=\"https:\/\/labelledecoteaudulac.com\/en\/festivhalloween-domaine-maudit\/\">Domaine Maudit and the labyrinth in the evening WITH entertainment<\/a>, it is strongly recommended to respect the arrival time in order to ensure the smooth running of the event.<\/p>\n<\/div><\/details><\/div>\n\n\n\n<div class=\"wp-block-coblocks-accordion-item\"><details><summary class=\"wp-block-coblocks-accordion-item__title\">Why take a seasonal pass?<\/summary><div class=\"wp-block-coblocks-accordion-item__content\">\n<p class=\"wp-block-paragraph\"><strong>By choosing a seasonal pass, you benefit from numerous advantages:<\/strong><\/p>\n\n\n\n<ul class=\"wp-block-list\">\n<li><strong>Save<\/strong>: The price of a season pass is more advantageous than purchasing individual tickets for each event.<\/li>\n\n\n\n<li><strong>Freedom<\/strong>: Access events whenever you want, as many times as you want.<\/li>\n\n\n\n<li><strong>Spontaneity<\/strong>: Enjoy events without worrying about buying tickets every time.<\/li>\n\n\n\n<li><strong>Discovery<\/strong>: Discover all our events and enjoy unique experiences.<\/li>\n<\/ul>\n\n\n\n<p class=\"wp-block-paragraph\">Please note that additional fees may apply for certain on-site activities, such as picking pumpkins and flowers.<\/p>\n<\/div><\/details><\/div>\n\n\n\n<div class=\"wp-block-coblocks-accordion-item\"><details><summary class=\"wp-block-coblocks-accordion-item__title\">Is the season pass valid for summer and fall events?<\/summary><div class=\"wp-block-coblocks-accordion-item__content\">\n<p class=\"wp-block-paragraph\">Yes! The season pass gives you unlimited access to all our 2025 season events, both summer and fall. It includes:<\/p>\n\n\n\n<ul class=\"wp-block-list\">\n<li><strong>FestiFleurs<\/strong><\/li>\n\n\n\n<li><strong>Sunflowers in Bloom<\/strong><\/li>\n\n\n\n<li><strong>Festiv&#039;Halloween \u2013 Pumpkin picking and decorated maze<\/strong> <strong>by day<\/strong><\/li>\n\n\n\n<li><strong>Halloween Festival<\/strong> \u2013 <strong>Sound and Light Labyrinth <\/strong><\/li>\n\n\n\n<li><strong>Halloween Festival<\/strong> \u2013 <strong>Cursed Domain and the Abominable Labyrinth <\/strong><\/li>\n<\/ul>\n\n\n\n<p class=\"wp-block-paragraph\">This is the best way to fully enjoy all our experiences, throughout the season!<\/p>\n<\/div><\/details><\/div>\n\n\n\n<div class=\"wp-block-coblocks-accordion-item\"><details><summary class=\"wp-block-coblocks-accordion-item__title\">Can I bring alcohol onto the site?<\/summary><div class=\"wp-block-coblocks-accordion-item__content\">\n<p class=\"wp-block-paragraph\">No, it is strictly forbidden to bring alcohol onto the site, regardless of the event. In the event of non-compliance with this rule, La Belle reserves the right to exclude the person concerned in order to maintain a safe and respectful environment for all.<\/p>\n<\/div><\/details><\/div>\n\n\n\n<div class=\"wp-block-coblocks-accordion-item\"><details><summary class=\"wp-block-coblocks-accordion-item__title\">If I arrive during the day, can I stay for the Sunset and Bonfires event in the evening?<\/summary><div class=\"wp-block-coblocks-accordion-item__content\">\n<p class=\"wp-block-paragraph\">Yes, absolutely! If you have a valid day ticket, you are welcome to stay on site to enjoy the atmosphere of&nbsp;<strong>Sunset and fireworks evening<\/strong>, which continues until 10 p.m. on certain dates. A great way to extend your visit!<\/p>\n<\/div><\/details><\/div>\n\n\n\n<div class=\"wp-block-coblocks-accordion-item\"><details><summary class=\"wp-block-coblocks-accordion-item__title\">Can I leave the site and come back later the same day?<\/summary><div class=\"wp-block-coblocks-accordion-item__content\">\n<p class=\"wp-block-paragraph\">Yes! Once your ticket is scanned at the entrance, you can leave the site and return later the same day, as long as it&#039;s during opening hours. Your access is valid until the event closes.<\/p>\n<\/div><\/details><\/div>\n<\/div>\n\n\n\n<p class=\"has-tajawal-font-family has-custom-font has-custom-lineheight has-custom-letterspacing wp-block-paragraph\" style=\"font-family:Tajawal;line-height:1.41;letter-spacing:0.1px;font-size:15px\">If you haven&#039;t found the answer to your question, send us an email or write to us on our social media!<\/p>\n\n\n\n<p class=\"wp-block-paragraph\"><a href=\"https:\/\/www.maisonlavande.ca\/\"><\/a><\/p>","protected":false},"excerpt":{"rendered":"<p>If you haven&#039;t found the answer to your question, send us an email or write to us on our social media!<\/p>","protected":false},"author":153206297,"featured_media":3625,"parent":0,"menu_order":0,"comment_status":"closed","ping_status":"closed","template":"","meta":{"_coblocks_attr":"Tajawal","_coblocks_dimensions":"","_coblocks_responsive_height":"","_coblocks_accordion_ie_support":"","_crdt_document":"","footnotes":""},"tags":[],"class_list":["post-3436","page","type-page","status-publish","has-post-thumbnail","hentry","without-featured-image"],"yoast_head":"<!-- This site is optimized with the Yoast SEO plugin v27.4 - https:\/\/yoast.com\/product\/yoast-seo-wordpress\/ -->\n<title>FAQ &#8226;<\/title>\n<meta name=\"robots\" content=\"index, follow, max-snippet:-1, max-image-preview:large, max-video-preview:-1\" \/>\n<link rel=\"canonical\" href=\"https:\/\/labelledecoteaudulac.com\/en\/faq\/\" \/>\n<meta property=\"og:locale\" content=\"en_US\" \/>\n<meta property=\"og:type\" content=\"article\" \/>\n<meta property=\"og:title\" content=\"FAQ &#8226;\" \/>\n<meta property=\"og:description\" content=\"Si vous n\u2019avez pas trouv\u00e9 de r\u00e9ponse \u00e0 votre question, envoyez-nous un courriel ou \u00e9crivez-nous sur nos m\u00e9dias sociaux !\" \/>\n<meta property=\"og:url\" content=\"https:\/\/labelledecoteaudulac.com\/en\/faq\/\" \/>\n<meta property=\"article:publisher\" content=\"https:\/\/www.facebook.com\/labelledecoteau\/\" \/>\n<meta property=\"article:modified_time\" content=\"2025-10-30T01:19:59+00:00\" \/>\n<meta property=\"og:image\" content=\"https:\/\/labelledecoteaudulac.com\/wp-content\/uploads\/2023\/05\/DSC_0082-1-1024x683.jpg\" \/>\n\t<meta property=\"og:image:width\" content=\"1024\" \/>\n\t<meta property=\"og:image:height\" content=\"683\" \/>\n\t<meta property=\"og:image:type\" content=\"image\/jpeg\" \/>\n<meta name=\"twitter:card\" content=\"summary_large_image\" \/>\n<meta name=\"twitter:label1\" content=\"Est. reading time\" \/>\n\t<meta name=\"twitter:data1\" content=\"6 minutes\" \/>\n<script type=\"application\/ld+json\" class=\"yoast-schema-graph\">{\"@context\":\"https:\\\/\\\/schema.org\",\"@graph\":[{\"@type\":\"WebPage\",\"@id\":\"https:\\\/\\\/labelledecoteaudulac.com\\\/faq\\\/\",\"url\":\"https:\\\/\\\/labelledecoteaudulac.com\\\/faq\\\/\",\"name\":\"FAQ &#8226;\",\"isPartOf\":{\"@id\":\"https:\\\/\\\/labelledecoteaudulac.com\\\/#website\"},\"primaryImageOfPage\":{\"@id\":\"https:\\\/\\\/labelledecoteaudulac.com\\\/faq\\\/#primaryimage\"},\"image\":{\"@id\":\"https:\\\/\\\/labelledecoteaudulac.com\\\/faq\\\/#primaryimage\"},\"thumbnailUrl\":\"https:\\\/\\\/i0.wp.com\\\/labelledecoteaudulac.com\\\/wp-content\\\/uploads\\\/2023\\\/05\\\/DSC_0082-1.jpg?fit=3600%2C2400&ssl=1\",\"datePublished\":\"2023-05-12T14:55:55+00:00\",\"dateModified\":\"2025-10-30T01:19:59+00:00\",\"breadcrumb\":{\"@id\":\"https:\\\/\\\/labelledecoteaudulac.com\\\/faq\\\/#breadcrumb\"},\"inLanguage\":\"en-CA\",\"potentialAction\":[{\"@type\":\"ReadAction\",\"target\":[\"https:\\\/\\\/labelledecoteaudulac.com\\\/faq\\\/\"]}]},{\"@type\":\"ImageObject\",\"inLanguage\":\"en-CA\",\"@id\":\"https:\\\/\\\/labelledecoteaudulac.com\\\/faq\\\/#primaryimage\",\"url\":\"https:\\\/\\\/i0.wp.com\\\/labelledecoteaudulac.com\\\/wp-content\\\/uploads\\\/2023\\\/05\\\/DSC_0082-1.jpg?fit=3600%2C2400&ssl=1\",\"contentUrl\":\"https:\\\/\\\/i0.wp.com\\\/labelledecoteaudulac.com\\\/wp-content\\\/uploads\\\/2023\\\/05\\\/DSC_0082-1.jpg?fit=3600%2C2400&ssl=1\",\"width\":3600,\"height\":2400},{\"@type\":\"BreadcrumbList\",\"@id\":\"https:\\\/\\\/labelledecoteaudulac.com\\\/faq\\\/#breadcrumb\",\"itemListElement\":[{\"@type\":\"ListItem\",\"position\":1,\"name\":\"Accueil\",\"item\":\"https:\\\/\\\/labelledecoteaudulac.com\\\/\"},{\"@type\":\"ListItem\",\"position\":2,\"name\":\"FAQ\"}]},{\"@type\":\"WebSite\",\"@id\":\"https:\\\/\\\/labelledecoteaudulac.com\\\/#website\",\"url\":\"https:\\\/\\\/labelledecoteaudulac.com\\\/\",\"name\":\"La Belle de Coteau-du-Lac\",\"description\":\"Une famille, une ferme, de savoureux fruits, l\u00e9gumes et viandes, des activit\u00e9s originales et des souvenirs m\u00e9morables!\",\"publisher\":{\"@id\":\"https:\\\/\\\/labelledecoteaudulac.com\\\/#organization\"},\"potentialAction\":[{\"@type\":\"SearchAction\",\"target\":{\"@type\":\"EntryPoint\",\"urlTemplate\":\"https:\\\/\\\/labelledecoteaudulac.com\\\/?s={search_term_string}\"},\"query-input\":{\"@type\":\"PropertyValueSpecification\",\"valueRequired\":true,\"valueName\":\"search_term_string\"}}],\"inLanguage\":\"en-CA\"},{\"@type\":\"Organization\",\"@id\":\"https:\\\/\\\/labelledecoteaudulac.com\\\/#organization\",\"name\":\"La Belle de Coteau-du-lac\",\"url\":\"https:\\\/\\\/labelledecoteaudulac.com\\\/\",\"logo\":{\"@type\":\"ImageObject\",\"inLanguage\":\"en-CA\",\"@id\":\"https:\\\/\\\/labelledecoteaudulac.com\\\/#\\\/schema\\\/logo\\\/image\\\/\",\"url\":\"https:\\\/\\\/i2.wp.com\\\/labelledecoteaudulac.com\\\/wp-content\\\/uploads\\\/2019\\\/03\\\/labelledecoteaudulac_logo1.jpg?fit=664%2C435&ssl=1\",\"contentUrl\":\"https:\\\/\\\/i2.wp.com\\\/labelledecoteaudulac.com\\\/wp-content\\\/uploads\\\/2019\\\/03\\\/labelledecoteaudulac_logo1.jpg?fit=664%2C435&ssl=1\",\"width\":664,\"height\":435,\"caption\":\"La Belle de Coteau-du-lac\"},\"image\":{\"@id\":\"https:\\\/\\\/labelledecoteaudulac.com\\\/#\\\/schema\\\/logo\\\/image\\\/\"},\"sameAs\":[\"https:\\\/\\\/www.facebook.com\\\/labelledecoteau\\\/\",\"https:\\\/\\\/www.instagram.com\\\/labelledecoteaudulac\\\/?hl=fr\"]}]}<\/script>\n<!-- \/ Yoast SEO plugin. -->","yoast_head_json":{"title":"FAQ \u2022","robots":{"index":"index","follow":"follow","max-snippet":"max-snippet:-1","max-image-preview":"max-image-preview:large","max-video-preview":"max-video-preview:-1"},"canonical":"https:\/\/labelledecoteaudulac.com\/en\/faq\/","og_locale":"en_US","og_type":"article","og_title":"FAQ &#8226;","og_description":"Si vous n\u2019avez pas trouv\u00e9 de r\u00e9ponse \u00e0 votre question, envoyez-nous un courriel ou \u00e9crivez-nous sur nos m\u00e9dias sociaux !","og_url":"https:\/\/labelledecoteaudulac.com\/en\/faq\/","article_publisher":"https:\/\/www.facebook.com\/labelledecoteau\/","article_modified_time":"2025-10-30T01:19:59+00:00","og_image":[{"width":1024,"height":683,"url":"https:\/\/labelledecoteaudulac.com\/wp-content\/uploads\/2023\/05\/DSC_0082-1-1024x683.jpg","type":"image\/jpeg"}],"twitter_card":"summary_large_image","twitter_misc":{"Est. reading time":"6 minutes"},"schema":{"@context":"https:\/\/schema.org","@graph":[{"@type":"WebPage","@id":"https:\/\/labelledecoteaudulac.com\/faq\/","url":"https:\/\/labelledecoteaudulac.com\/faq\/","name":"FAQ \u2022","isPartOf":{"@id":"https:\/\/labelledecoteaudulac.com\/#website"},"primaryImageOfPage":{"@id":"https:\/\/labelledecoteaudulac.com\/faq\/#primaryimage"},"image":{"@id":"https:\/\/labelledecoteaudulac.com\/faq\/#primaryimage"},"thumbnailUrl":"https:\/\/i0.wp.com\/labelledecoteaudulac.com\/wp-content\/uploads\/2023\/05\/DSC_0082-1.jpg?fit=3600%2C2400&ssl=1","datePublished":"2023-05-12T14:55:55+00:00","dateModified":"2025-10-30T01:19:59+00:00","breadcrumb":{"@id":"https:\/\/labelledecoteaudulac.com\/faq\/#breadcrumb"},"inLanguage":"en-CA","potentialAction":[{"@type":"ReadAction","target":["https:\/\/labelledecoteaudulac.com\/faq\/"]}]},{"@type":"ImageObject","inLanguage":"en-CA","@id":"https:\/\/labelledecoteaudulac.com\/faq\/#primaryimage","url":"https:\/\/i0.wp.com\/labelledecoteaudulac.com\/wp-content\/uploads\/2023\/05\/DSC_0082-1.jpg?fit=3600%2C2400&ssl=1","contentUrl":"https:\/\/i0.wp.com\/labelledecoteaudulac.com\/wp-content\/uploads\/2023\/05\/DSC_0082-1.jpg?fit=3600%2C2400&ssl=1","width":3600,"height":2400},{"@type":"BreadcrumbList","@id":"https:\/\/labelledecoteaudulac.com\/faq\/#breadcrumb","itemListElement":[{"@type":"ListItem","position":1,"name":"Accueil","item":"https:\/\/labelledecoteaudulac.com\/"},{"@type":"ListItem","position":2,"name":"FAQ"}]},{"@type":"WebSite","@id":"https:\/\/labelledecoteaudulac.com\/#website","url":"https:\/\/labelledecoteaudulac.com\/","name":"The Beauty of Coteau-du-Lac","description":"A family, a farm, tasty fruits, vegetables and meats, original activities and memorable memories!","publisher":{"@id":"https:\/\/labelledecoteaudulac.com\/#organization"},"potentialAction":[{"@type":"SearchAction","target":{"@type":"EntryPoint","urlTemplate":"https:\/\/labelledecoteaudulac.com\/?s={search_term_string}"},"query-input":{"@type":"PropertyValueSpecification","valueRequired":true,"valueName":"search_term_string"}}],"inLanguage":"en-CA"},{"@type":"Organization","@id":"https:\/\/labelledecoteaudulac.com\/#organization","name":"The Beauty of Coteau-du-Lac","url":"https:\/\/labelledecoteaudulac.com\/","logo":{"@type":"ImageObject","inLanguage":"en-CA","@id":"https:\/\/labelledecoteaudulac.com\/#\/schema\/logo\/image\/","url":"https:\/\/i2.wp.com\/labelledecoteaudulac.com\/wp-content\/uploads\/2019\/03\/labelledecoteaudulac_logo1.jpg?fit=664%2C435&ssl=1","contentUrl":"https:\/\/i2.wp.com\/labelledecoteaudulac.com\/wp-content\/uploads\/2019\/03\/labelledecoteaudulac_logo1.jpg?fit=664%2C435&ssl=1","width":664,"height":435,"caption":"La Belle de Coteau-du-lac"},"image":{"@id":"https:\/\/labelledecoteaudulac.com\/#\/schema\/logo\/image\/"},"sameAs":["https:\/\/www.facebook.com\/labelledecoteau\/","https:\/\/www.instagram.com\/labelledecoteaudulac\/?hl=fr"]}]}},"jetpack_likes_enabled":true,"jetpack_sharing_enabled":true,"jetpack_shortlink":"https:\/\/wp.me\/PaM3LI-Tq","amp_enabled":true,"_links":{"self":[{"href":"https:\/\/labelledecoteaudulac.com\/en\/wp-json\/wp\/v2\/pages\/3436","targetHints":{"allow":["GET"]}}],"collection":[{"href":"https:\/\/labelledecoteaudulac.com\/en\/wp-json\/wp\/v2\/pages"}],"about":[{"href":"https:\/\/labelledecoteaudulac.com\/en\/wp-json\/wp\/v2\/types\/page"}],"author":[{"embeddable":true,"href":"https:\/\/labelledecoteaudulac.com\/en\/wp-json\/wp\/v2\/users\/153206297"}],"replies":[{"embeddable":true,"href":"https:\/\/labelledecoteaudulac.com\/en\/wp-json\/wp\/v2\/comments?post=3436"}],"version-history":[{"count":40,"href":"https:\/\/labelledecoteaudulac.com\/en\/wp-json\/wp\/v2\/pages\/3436\/revisions"}],"predecessor-version":[{"id":6643,"href":"https:\/\/labelledecoteaudulac.com\/en\/wp-json\/wp\/v2\/pages\/3436\/revisions\/6643"}],"wp:featuredmedia":[{"embeddable":true,"href":"https:\/\/labelledecoteaudulac.com\/en\/wp-json\/wp\/v2\/media\/3625"}],"wp:attachment":[{"href":"https:\/\/labelledecoteaudulac.com\/en\/wp-json\/wp\/v2\/media?parent=3436"}],"wp:term":[{"taxonomy":"post_tag","embeddable":true,"href":"https:\/\/labelledecoteaudulac.com\/en\/wp-json\/wp\/v2\/tags?post=3436"}],"curies":[{"name":"wp","href":"https:\/\/api.w.org\/{rel}","templated":true}]}}